{"id":32680,"date":"2021-12-23T08:34:13","date_gmt":"2021-12-23T07:34:13","guid":{"rendered":"https:\/\/www.rheon-europe.com\/vos-produits-patisseries-et-viennoiseries\/"},"modified":"2021-12-23T08:34:15","modified_gmt":"2021-12-23T07:34:15","slug":"vos-produits-patisseries-et-viennoiseries","status":"publish","type":"page","link":"https:\/\/www.rheon-europe.com\/fr\/vos-produits-patisseries-et-viennoiseries\/","title":{"rendered":"Vos produits &#8211; P\u00e2tisseries et viennoiseries"},"content":{"rendered":"\t\t<div data-elementor-type=\"wp-page\" data-elementor-id=\"32680\" class=\"elementor elementor-32680 elementor-32593\" data-elementor-post-type=\"page\">\n\t\t\t\t\t\t<section class=\"elementor-section elementor-top-section elementor-element elementor-element-1ba66a5d blue-bg elementor-section-boxed elementor-section-height-default elementor-section-height-default\" data-id=\"1ba66a5d\" data-element_type=\"section\" data-e-type=\"section\">\n\t\t\t\t\t\t<div class=\"elementor-container elementor-column-gap-default\">\n\t\t\t\t\t<div class=\"elementor-column elementor-col-50 elementor-top-column elementor-element elementor-element-229a14d3\" data-id=\"229a14d3\" data-element_type=\"column\" data-e-type=\"column\">\n\t\t\t<div class=\"elementor-widget-wrap elementor-element-populated\">\n\t\t\t\t\t\t<div class=\"elementor-element elementor-element-58e3f23e elementor-widget elementor-widget-heading\" data-id=\"58e3f23e\" data-element_type=\"widget\" data-e-type=\"widget\" data-widget_type=\"heading.default\">\n\t\t\t\t<div class=\"elementor-widget-container\">\n\t\t\t\t\t<h2 class=\"elementor-heading-title elementor-size-default\">Rheon Vos produits<\/h2>\t\t\t\t<\/div>\n\t\t\t\t<\/div>\n\t\t\t\t<div class=\"elementor-element elementor-element-1b106b7c elementor-widget elementor-widget-heading\" data-id=\"1b106b7c\" data-element_type=\"widget\" data-e-type=\"widget\" data-widget_type=\"heading.default\">\n\t\t\t\t<div class=\"elementor-widget-container\">\n\t\t\t\t\t<h5 class=\"elementor-heading-title elementor-size-default\">Avec le mat\u00e9riel Rheon, cr\u00e9ez une multitude de produits, issus des saveurs de toutes cultures.<\/h5>\t\t\t\t<\/div>\n\t\t\t\t<\/div>\n\t\t\t\t<div class=\"elementor-element elementor-element-cc23ba0 elementor-widget elementor-widget-text-editor\" data-id=\"cc23ba0\" data-element_type=\"widget\" data-e-type=\"widget\" data-widget_type=\"text-editor.default\">\n\t\t\t\t<div class=\"elementor-widget-container\">\n\t\t\t\t\t\t\t\t\t<p>Gr\u00e2ce \u00e0 nos innovations en mati\u00e8re de pr\u00e9paration, process et production, vous pourrez cr\u00e9er une multitude de saveurs. La flexibilit\u00e9 de notre mat\u00e9riel vous permet la production d\u2019une gamme tr\u00e8s large issue de toutes les cuisines du monde.<\/p>\n<p>Lors du d\u00e9veloppement de ses nouvelles technologies, Rheon s\u2019efforce de toujours prendre en compte et respecter les diff\u00e9rentes cultures du monde.<\/p>\n\t\t\t\t\t\t\t\t<\/div>\n\t\t\t\t<\/div>\n\t\t\t\t\t<\/div>\n\t\t<\/div>\n\t\t\t\t<div class=\"elementor-column elementor-col-50 elementor-top-column elementor-element elementor-element-73f73cc2\" data-id=\"73f73cc2\" data-element_type=\"column\" data-e-type=\"column\">\n\t\t\t<div class=\"elementor-widget-wrap elementor-element-populated\">\n\t\t\t\t\t\t<div class=\"elementor-element elementor-element-27152e09 elementor-widget elementor-widget-image\" data-id=\"27152e09\" data-element_type=\"widget\" data-e-type=\"widget\" data-widget_type=\"image.default\">\n\t\t\t\t<div class=\"elementor-widget-container\">\n\t\t\t\t\t\t\t\t\t\t\t\t\t\t\t<img fetchpriority=\"high\" decoding=\"async\" width=\"516\" height=\"344\" src=\"https:\/\/www.rheon-europe.com\/wp-content\/uploads\/2021\/09\/Rheon-Food-Samples.jpg\" class=\"attachment-full size-full wp-image-27904\" alt=\"\" srcset=\"https:\/\/www.rheon-europe.com\/wp-content\/uploads\/2021\/09\/Rheon-Food-Samples.jpg 516w, https:\/\/www.rheon-europe.com\/wp-content\/uploads\/2021\/09\/Rheon-Food-Samples-300x200.jpg 300w\" sizes=\"(max-width: 516px) 100vw, 516px\" \/>\t\t\t\t\t\t\t\t\t\t\t\t\t\t\t<\/div>\n\t\t\t\t<\/div>\n\t\t\t\t\t<\/div>\n\t\t<\/div>\n\t\t\t\t\t<\/div>\n\t\t<\/section>\n\t\t\t\t<section class=\"elementor-section elementor-top-section elementor-element elementor-element-3421fdf blue-bg elementor-section-boxed elementor-section-height-default elementor-section-height-default\" data-id=\"3421fdf\" data-element_type=\"section\" data-e-type=\"section\">\n\t\t\t\t\t\t<div class=\"elementor-container elementor-column-gap-default\">\n\t\t\t\t\t<div class=\"elementor-column elementor-col-66 elementor-top-column elementor-element elementor-element-1ea3ce4a\" data-id=\"1ea3ce4a\" data-element_type=\"column\" data-e-type=\"column\">\n\t\t\t<div class=\"elementor-widget-wrap elementor-element-populated\">\n\t\t\t\t\t\t<div class=\"elementor-element elementor-element-6f7540c1 elementor-widget elementor-widget-heading\" data-id=\"6f7540c1\" data-element_type=\"widget\" data-e-type=\"widget\" data-widget_type=\"heading.default\">\n\t\t\t\t<div class=\"elementor-widget-container\">\n\t\t\t\t\t<h3 class=\"elementor-heading-title elementor-size-default\">P\u00e2tisseries et viennoiseries<\/h3>\t\t\t\t<\/div>\n\t\t\t\t<\/div>\n\t\t\t\t<div class=\"elementor-element elementor-element-5227d60d elementor-widget elementor-widget-heading\" data-id=\"5227d60d\" data-element_type=\"widget\" data-e-type=\"widget\" data-widget_type=\"heading.default\">\n\t\t\t\t<div class=\"elementor-widget-container\">\n\t\t\t\t\t<h5 class=\"elementor-heading-title elementor-size-default\">Production de p\u00e2tisseries, desserts et viennoiseries du monde entier.<\/h5>\t\t\t\t<\/div>\n\t\t\t\t<\/div>\n\t\t\t\t<div class=\"elementor-element elementor-element-46b571c3 elementor-widget elementor-widget-text-editor\" data-id=\"46b571c3\" data-element_type=\"widget\" data-e-type=\"widget\" data-widget_type=\"text-editor.default\">\n\t\t\t\t<div class=\"elementor-widget-container\">\n\t\t\t\t\t\t\t\t\t<p>Les p\u00e2tisseries sont tr\u00e8s appr\u00e9ci\u00e9es des enfants et adultes pour le gouter ou le dessert. Rheon vous offre un large \u00e9ventail de produits, allant des produits traditionnels aux produits innovants. Les produits pr\u00e9sent\u00e9s sont seulement des exemples parmi les nombreuses possibilit\u00e9s.<\/p>\n\t\t\t\t\t\t\t\t<\/div>\n\t\t\t\t<\/div>\n\t\t\t\t<div class=\"elementor-element elementor-element-e884466 elementor-widget elementor-widget-spacer\" data-id=\"e884466\" data-element_type=\"widget\" data-e-type=\"widget\" data-widget_type=\"spacer.default\">\n\t\t\t\t<div class=\"elementor-widget-container\">\n\t\t\t\t\t\t\t<div class=\"elementor-spacer\">\n\t\t\t<div class=\"elementor-spacer-inner\"><\/div>\n\t\t<\/div>\n\t\t\t\t\t\t<\/div>\n\t\t\t\t<\/div>\n\t\t\t\t<div class=\"elementor-element elementor-element-62ec9695 elementor-grid-4 elementor-grid-tablet-4 elementor-grid-mobile-2 food-samples elementor-posts--thumbnail-top elementor-widget elementor-widget-posts\" data-id=\"62ec9695\" data-element_type=\"widget\" data-e-type=\"widget\" data-settings=\"{&quot;custom_columns&quot;:&quot;4&quot;,&quot;custom_row_gap&quot;:{&quot;unit&quot;:&quot;px&quot;,&quot;size&quot;:60,&quot;sizes&quot;:[]},&quot;custom_columns_tablet&quot;:&quot;4&quot;,&quot;custom_columns_mobile&quot;:&quot;2&quot;,&quot;custom_row_gap_tablet&quot;:{&quot;unit&quot;:&quot;px&quot;,&quot;size&quot;:&quot;&quot;,&quot;sizes&quot;:[]},&quot;custom_row_gap_mobile&quot;:{&quot;unit&quot;:&quot;px&quot;,&quot;size&quot;:&quot;&quot;,&quot;sizes&quot;:[]}}\" data-widget_type=\"posts.custom\">\n\t\t\t\t<div class=\"elementor-widget-container\">\n\t\t\t\t\t      <div class=\"ecs-posts elementor-posts-container elementor-posts   elementor-grid elementor-posts--skin-custom\" data-settings=\"{&quot;current_page&quot;:1,&quot;max_num_pages&quot;:0,&quot;load_method&quot;:&quot;loadmore&quot;,&quot;widget_id&quot;:&quot;62ec9695&quot;,&quot;post_id&quot;:32680,&quot;theme_id&quot;:32680,&quot;change_url&quot;:false,&quot;reinit_js&quot;:false}\">\n      <div class=\"elementor-posts-nothing-found\"><\/div>\t\t<\/div>\n\t\t\t\t\t\t<\/div>\n\t\t\t\t<\/div>\n\t\t\t\t\t<\/div>\n\t\t<\/div>\n\t\t\t\t<div class=\"elementor-column elementor-col-33 elementor-top-column elementor-element elementor-element-318cb18e\" data-id=\"318cb18e\" data-element_type=\"column\" data-e-type=\"column\">\n\t\t\t<div class=\"elementor-widget-wrap\">\n\t\t\t\t\t\t\t<\/div>\n\t\t<\/div>\n\t\t\t\t\t<\/div>\n\t\t<\/section>\n\t\t\t\t<\/div>\n\t\t","protected":false},"excerpt":{"rendered":"<p>Rheon Vos produits Avec le mat\u00e9riel Rheon, cr\u00e9ez une multitude de produits, issus des saveurs de toutes cultures. Gr\u00e2ce \u00e0 nos innovations en mati\u00e8re de pr\u00e9paration, process et production, vous pourrez cr\u00e9er une multitude de saveurs. La flexibilit\u00e9 de notre mat\u00e9riel vous permet la production d\u2019une gamme tr\u00e8s large issue de toutes les cuisines du [&hellip;]<\/p>\n","protected":false},"author":3,"featured_media":0,"parent":0,"menu_order":0,"comment_status":"closed","ping_status":"closed","template":"","meta":{"_acf_changed":false,"footnotes":""},"class_list":["post-32680","page","type-page","status-publish","hentry"],"acf":[],"_links":{"self":[{"href":"https:\/\/www.rheon-europe.com\/fr\/wp-json\/wp\/v2\/pages\/32680","targetHints":{"allow":["GET"]}}],"collection":[{"href":"https:\/\/www.rheon-europe.com\/fr\/wp-json\/wp\/v2\/pages"}],"about":[{"href":"https:\/\/www.rheon-europe.com\/fr\/wp-json\/wp\/v2\/types\/page"}],"author":[{"embeddable":true,"href":"https:\/\/www.rheon-europe.com\/fr\/wp-json\/wp\/v2\/users\/3"}],"replies":[{"embeddable":true,"href":"https:\/\/www.rheon-europe.com\/fr\/wp-json\/wp\/v2\/comments?post=32680"}],"version-history":[{"count":0,"href":"https:\/\/www.rheon-europe.com\/fr\/wp-json\/wp\/v2\/pages\/32680\/revisions"}],"wp:attachment":[{"href":"https:\/\/www.rheon-europe.com\/fr\/wp-json\/wp\/v2\/media?parent=32680"}],"curies":[{"name":"wp","href":"https:\/\/api.w.org\/{rel}","templated":true}]}}